{"id":1159,"date":"2019-09-12T17:55:04","date_gmt":"2019-09-12T15:55:04","guid":{"rendered":"https:\/\/www.avl3c.org\/vexinzone109\/?page_id=1159"},"modified":"2024-11-12T16:35:02","modified_gmt":"2024-11-12T15:35:02","slug":"accueil","status":"publish","type":"page","link":"https:\/\/www.avl3c.org\/vexinzone109\/","title":{"rendered":"L&rsquo;association :"},"content":{"rendered":"\n<div style=\"height:20px\" aria-hidden=\"true\" class=\"wp-block-spacer\"><\/div>\n\n\n\n<figure class=\"wp-block-image\"><img decoding=\"async\" src=\"https:\/\/www.avl3c.org\/vexinzone109\/wp-content\/uploads\/2019\/10\/IMG_3538-1024x768.jpg\" alt=\"\" class=\"wp-image-1322\"\/><figcaption class=\"wp-element-caption\">Cr\u00e9dit Photo : \u00a9 AVL3C 2017<\/figcaption><\/figure>\n\n\n\n<h1 class=\"wp-block-heading\">Une \u00e9tape non moins d\u00e9cisive\u2026 mais tout n\u2019est pas fini&nbsp;!<\/h1>\n\n\n\n<p>Le 12 avril 2022, le cimentier Calcia\/HeidelbergCement se d\u00e9cidait, enfin, \u00e0 renoncer \u00e0 son projet <a rel=\"noreferrer noopener\" href=\"https:\/\/www.avl3c.org\/vexinzone109\/wp-content\/uploads\/2022\/04\/Lettre-Pre%CC%81fet-des-Yvelines_12042022.png\" target=\"_blank\">pour reprendre les termes de son courrier<\/a>, suivi par le Pr\u00e9fet des Yvelines qui prend le 12 septembre 2022 un arr\u00eat\u00e9 par lequel <strong>l\u2019autorisation d\u2019exploiter<\/strong>, qu\u2019il avait pr\u00e9c\u00e9demment d\u00e9livr\u00e9e par son arr\u00eat\u00e9 du 20 juin 2019, <strong>est abrog\u00e9e<\/strong>. <a href=\"https:\/\/www.avl3c.org\/vexinzone109\/wp-content\/uploads\/2022\/12\/20220912_Extrait-recueil-78-2022-187-recueil-des-actes-administratifs-special_CimentsCalcia_AP_abrogation.pdf\" target=\"_blank\" rel=\"noreferrer noopener\">(consulter l&rsquo;arr\u00eat\u00e9)<\/a><\/p>\n\n\n\n<p><strong>Mais ce n\u2019est pas fini&nbsp;!<\/strong> Notamment les documents d\u2019urbanisme de Brueil-en-Vexin qui ont \u00e9t\u00e9 modifi\u00e9s pour permettre l\u2019exploitation d\u2019une carri\u00e8re de calcaire cimentier \u00e0 ciel ouvert en conformit\u00e9 avec le Projet d\u2019Int\u00e9r\u00eat G\u00e9n\u00e9ral dont Ciments Calcia a fait la demande de qualification par <a href=\"https:\/\/www.avl3c.org\/vexinzone109\/wp-content\/uploads\/2022\/12\/140819_PIG_Demande-de-la-cimenterie-Calcia-compresse.pdf\" target=\"_blank\" rel=\"noreferrer noopener\">son courrier du 22 mai 2014<\/a> aupr\u00e8s du Pr\u00e9fet des Yvelines. D\u00e8s lors, si le cimentier a \u00ab&nbsp;<em>d\u00e9cid\u00e9 de ne pas mener \u00e0 bien le projet d\u2019exploitation de la carri\u00e8re de Brueil-en-Vexin<\/em>&nbsp;\u00bb ainsi qu\u2019il l\u2019a \u00e9crit au Pr\u00e9fet des Yvelines dans son courrier du 12 avril 2022, d\u00e8s lors que ledit pr\u00e9fet a abrog\u00e9 en cons\u00e9quence l\u2019autorisation d\u2019exploiter par son arr\u00eat\u00e9 du 12 septembre 2022, il doit maintenant, dans cette m\u00eame logique, abroger ses arr\u00eat\u00e9s concernant le Projet d\u2019Int\u00e9r\u00eat G\u00e9n\u00e9ral et la Mise En Compatibilit\u00e9 des documents d\u2019urbanisme effectu\u00e9e sur le motif de ce projet que le cimentier a \u00ab&nbsp;<em>d\u00e9cid\u00e9 de ne pas mener \u00e0 bien<\/em>&nbsp;\u00bb\u2026<\/p>\n\n\n\n<p><strong>Et l\u2019\u00e9tape ultime<\/strong>, toujours dans cette m\u00eame logique, demeure bien \u00e9videmment l\u2019abrogation du <a href=\"https:\/\/www.avl3c.org\/vexinzone109\/wp-content\/uploads\/2022\/12\/000605_Decret-du-5-juin-2000-zone-109.pdf\" target=\"_blank\" rel=\"noreferrer noopener\">d\u00e9cret du 5 juin 2000<\/a> d\u00e9finissant, par application de l&rsquo;article 109 du code minier, aujourd\u2019hui codifi\u00e9 \u00e0 l\u2019article L. 321-1 du m\u00eame code, une zone de carri\u00e8res de calcaires cimentiers dans le d\u00e9partement des Yvelines, zone sp\u00e9ciale dont nous avons largement d\u00e9montr\u00e9 qu\u2019elle a \u00e9t\u00e9 d\u00e9finie \u00e0 la demande exclusive du cimentier, et de son lobbying aupr\u00e8s de l\u2019Etat, pour se constituer une extension de sa carri\u00e8re de Guitrancourt \u00e0 l\u2019heure de la cr\u00e9ation du Parc Naturel R\u00e9gional du Vexin Fran\u00e7ais.<\/p>\n\n\n\n<p><strong>Donc, le combat continue\u2026<\/strong><\/p>\n\n\n\n<h1 class=\"wp-block-heading\">Une \u00e9tape d\u00e9cisive :<\/h1>\n\n\n\n<p><strong>Juin 2019<\/strong>, aboutissement d&rsquo;une feuille de route \u00e9crite dans les ann\u00e9es 1990 et par laquelle les services de l&rsquo;\u00c9tat ont rendu possible l&rsquo;extension de la carri\u00e8re de calcaire cimentier de Guitrancourt \u00e0 Brueil-en-Vexin.<\/p>\n\n\n\n<p>L&rsquo;industriel, Ciments Calcia, aujourd&rsquo;hui filiale HeidelbergCement Gmbh, auteur de cette feuille de route, a su faire passer ses int\u00e9r\u00eats priv\u00e9s au nom de l&rsquo;int\u00e9r\u00eat g\u00e9n\u00e9ral en se servant des textes l\u00e9gislatifs et r\u00e9glementaires (codes minier, de l&rsquo;urbanisme, de l&rsquo;environnement, etc&#8230;) et, bien s\u00fbr, de sa capacit\u00e9 de  lobbying.<\/p>\n\n\n\n<p>Cette carri\u00e8re sur la commune de Brueil-en-Vexin, pr\u00e9vue pour 104,46 hectares sur les 734 que compte son territoire, n&rsquo;est donc plus un projet mais une r\u00e9alit\u00e9 act\u00e9e par l&rsquo;\u00c9tat au terme de l&rsquo;arr\u00eat\u00e9 inter-minist\u00e9riel du 4 juin 2019 (Ministre de l&rsquo;\u00e9conomie et des finances et Ministre de la transition \u00e9cologique et solidaire) et de l&rsquo;arr\u00eat\u00e9 du Pr\u00e9fet des Yvelines du 20 juin 2019.<\/p>\n\n\n\n<p>Face \u00e0 cela, l&rsquo;association s&rsquo;en trouve renforc\u00e9e dans son combat ; les actions juridiques sont loin d&rsquo;\u00eatre abouties et nous serons l\u00e9gitimes \u00e0 \u00e9viter que quoique ce soit d&rsquo;irr\u00e9versible puisse se produire avant que tous les recours ne soient jug\u00e9s.<\/p>\n\n\n\n<p>C&rsquo;est donc une nouvelle \u00e9tape de ce combat de plus de 20 ans, et nous avons souhait\u00e9 la marquer par un site diff\u00e9rent qui, nous l&rsquo;esp\u00e9rons, permettra au plus grand nombre de s&rsquo;informer, nous suivre et nous accompagner dans notre combat.<\/p>\n\n\n\n<p>Nous vous laissons le parcourir et gageons que vous y retrouverez rapidement les contenus de notre site dans sa version pr\u00e9c\u00e9dente.<\/p>\n\n\n\n<p>N&rsquo;h\u00e9sitez pas \u00e0 nous contacter si besoin.<\/p>\n\n\n\n<hr class=\"wp-block-separator has-css-opacity\"\/>\n\n\n\n<h2 class=\"wp-block-heading\">Extrait de notre Communiqu\u00e9 du 11 septembre 2019 :<\/h2>\n\n\n\n<p> Depuis sa cr\u00e9ation en 1995, par les quatre maires des communes concern\u00e9es par le projet de carri\u00e8re Calcia, l\u2019association a un objet pr\u00e9cis : lutter contre les projets de carri\u00e8re de la multinationale cimenti\u00e8re, aujourd\u2019hui Heidelbergcement-Calcia. Elle d\u00e9fend des arguments \u00e9tay\u00e9s de protection de l\u2019eau, de l\u2019air (carri\u00e8re et cimenterie), des terres agricoles et des emplois, contre un projet aberrant. Dans son combat, elle s\u2019appuie sur les habitants, les \u00e9lus, d\u2019autres associations et groupes, et toutes les forces vives du territoire qui sont convaincues de la nocivit\u00e9 du projet, face aux risques climatiques et environnementaux. Elle alerte \u00e9galement sur les risques environnementaux, locaux et mondiaux.<\/p>\n\n\n\n<p><em>Notre mani\u00e8re de communiquer avec notre communaut\u00e9 est ouverte \u00e0 tous. Il n\u2019est donc pas n\u00e9cessaire de rappeler qu\u2019aucune inscription ou demande de validation ne vous sera demand\u00e9e pour nous suivre (hormis votre inscription demand\u00e9e par les r\u00e9seaux sociaux comme Facebook, Twitter, Instagram, Pinterest, LinkedIn).<\/em><\/p>\n\n\n\n<p> <em>Ci-dessous notre mail de contact, l\u2019adresse de notre site internet, qui fera peau neuve fin septembre, et la liste de nos r\u00e9seaux sociaux qui sont sous notre enti\u00e8re responsabilit\u00e9.<\/em><\/p>\n\n\n\n<ul class=\"wp-block-list\">\n<li>Nous contacter par <a href=\"mailto:vexinzone109@gmail.com\">email<\/a><\/li>\n\n\n\n<li>Notre <a href=\"https:\/\/avl3c.org\/\">S<\/a><a aria-label=\"ite Web (s\u2019ouvre dans un nouvel onglet)\" href=\"https:\/\/avl3c.org\/\" target=\"_blank\" rel=\"noreferrer noopener\">ite Web<\/a><\/li>\n\n\n\n<li>Le <a aria-label=\"Site historique (s\u2019ouvre dans un nouvel onglet)\" href=\"http:\/\/avl3c.chez.com\/\" target=\"_blank\" rel=\"noreferrer noopener\">Site historique<\/a><\/li>\n<\/ul>\n\n\n\n<p><em>Nos r\u00e9seaux sociaux :<\/em><\/p>\n\n\n\n<figure class=\"wp-block-table\"><table><tbody><tr><td><a href=\"https:\/\/www.facebook.com\/vexinzone109\/\" target=\"_blank\" rel=\"noreferrer noopener\"><img loading=\"lazy\" decoding=\"async\" width=\"100\" height=\"111\" class=\"wp-image-1284\" style=\"width: 100px;\" src=\"https:\/\/www.avl3c.org\/vexinzone109\/wp-content\/uploads\/2019\/09\/Facebook.jpg\" alt=\"\"><\/a><\/td><td><a href=\"https:\/\/twitter.com\/VexinZone109\/\" target=\"_blank\" rel=\"noreferrer noopener\"><img loading=\"lazy\" decoding=\"async\" width=\"100\" height=\"111\" class=\"wp-image-1288\" style=\"width: 100px;\" src=\"https:\/\/www.avl3c.org\/vexinzone109\/wp-content\/uploads\/2019\/09\/Twitter.jpg\" alt=\"\"><\/a><\/td><td><a href=\"https:\/\/www.instagram.com\/vexinzone109\/\" target=\"_blank\" rel=\"noreferrer noopener\"><img loading=\"lazy\" decoding=\"async\" width=\"100\" height=\"111\" class=\"wp-image-1285\" style=\"width: 100px;\" src=\"https:\/\/www.avl3c.org\/vexinzone109\/wp-content\/uploads\/2019\/09\/Instagram.jpg\" alt=\"\"><\/a><\/td><td><a href=\"https:\/\/www.youtube.com\/channel\/UC6rQi1Au4ahp6Y7GGVOnvWw\" target=\"_blank\" rel=\"noreferrer noopener\"><img loading=\"lazy\" decoding=\"async\" width=\"100\" height=\"111\" class=\"wp-image-1289\" style=\"width: 100px;\" src=\"https:\/\/www.avl3c.org\/vexinzone109\/wp-content\/uploads\/2019\/09\/Youtube.jpg\" alt=\"\"><\/a><\/td><td><a href=\"https:\/\/www.pinterest.fr\/vexinzone109\/\" target=\"_blank\" rel=\"noreferrer noopener\"><img loading=\"lazy\" decoding=\"async\" width=\"100\" height=\"111\" class=\"wp-image-1287\" style=\"width: 100px;\" src=\"https:\/\/www.avl3c.org\/vexinzone109\/wp-content\/uploads\/2019\/09\/Pinterest.jpg\" alt=\"\"><\/a><\/td><td><a href=\"https:\/\/www.linkedin.com\/company\/vexinzone109\/\" target=\"_blank\" rel=\"noreferrer noopener\"><img loading=\"lazy\" decoding=\"async\" width=\"100\" height=\"111\" class=\"wp-image-1286\" style=\"width: 100px;\" src=\"https:\/\/www.avl3c.org\/vexinzone109\/wp-content\/uploads\/2019\/09\/Linkedin.jpg\" alt=\"\"><\/a><\/td><\/tr><\/tbody><\/table><\/figure>\n\n\n\n<hr class=\"wp-block-separator has-css-opacity\"\/>\n\n\n\n<div class=\"wp-block-columns is-layout-flex wp-container-core-columns-is-layout-9d6595d7 wp-block-columns-is-layout-flex\">\n<div class=\"wp-block-column is-layout-flow wp-block-column-is-layout-flow\">\n<p><\/p>\n<h1>Encours juridique<\/h1>\n<div class=\"_df_thumb \" id=\"df_1362\"  _slug=\"encours-juridique\" data-title=\"encours-juridique\" wpoptions=\"true\" thumb=\"https:\/\/www.avl3c.org\/vexinzone109\/wp-content\/uploads\/2019\/12\/PorteTA_large.jpg\" thumbtype=\"\" >Encours juridique<\/div><script class=\"df-shortcode-script\" nowprocket type=\"application\/javascript\">window.option_df_1362 = {\"outline\":[],\"autoEnableOutline\":\"false\",\"autoEnableThumbnail\":\"false\",\"overwritePDFOutline\":\"false\",\"direction\":\"1\",\"pageSize\":\"0\",\"pageMode\":\"0\",\"source\":\"https:\\\/\\\/www.avl3c.org\\\/vexinzone109\\\/wp-content\\\/uploads\\\/2023\\\/05\\\/Encours-juridique-24-03-2023.pdf\",\"wpOptions\":\"true\"}; if(window.DFLIP && window.DFLIP.parseBooks){window.DFLIP.parseBooks();}<\/script>\n<\/div>\n\n\n\n<div class=\"wp-block-column is-layout-flow wp-block-column-is-layout-flow\">\n<p><\/p>\n<h1>Les statuts de l&rsquo;association<\/h1>\n<div class=\"_df_thumb \" id=\"df_1367\"  _slug=\"nos-statuts\" data-title=\"nos-statuts\" wpoptions=\"true\" thumb=\"https:\/\/www.avl3c.org\/vexinzone109\/wp-content\/uploads\/2019\/12\/NosStatuts.jpg\" thumbtype=\"\" >Nos statuts<\/div><script class=\"df-shortcode-script\" nowprocket type=\"application\/javascript\">window.option_df_1367 = {\"outline\":[],\"autoEnableOutline\":\"false\",\"autoEnableThumbnail\":\"false\",\"overwritePDFOutline\":\"false\",\"direction\":\"1\",\"pageMode\":\"0\",\"source\":\"https:\\\/\\\/www.avl3c.org\\\/vexinzone109\\\/wp-content\\\/uploads\\\/2019\\\/09\\\/StatutsAvl3cAu1erMars1997.pdf\",\"wpOptions\":\"true\"}; if(window.DFLIP && window.DFLIP.parseBooks){window.DFLIP.parseBooks();}<\/script>\n<\/div>\n<\/div>\n","protected":false},"excerpt":{"rendered":"<p>Une \u00e9tape non moins d\u00e9cisive\u2026 mais tout n\u2019est pas fini&nbsp;! Le 12 avril 2022, le cimentier Calcia\/HeidelbergCement se d\u00e9cidait, enfin, \u00e0 renoncer \u00e0 son projet pour reprendre les termes de son courrier, suivi par le Pr\u00e9fet des Yvelines qui prend le 12 septembre 2022 un arr\u00eat\u00e9 par lequel l\u2019autorisation d\u2019exploiter, qu\u2019il avait pr\u00e9c\u00e9demment d\u00e9livr\u00e9e par [&hellip;]<\/p>\n","protected":false},"author":1,"featured_media":0,"parent":0,"menu_order":0,"comment_status":"closed","ping_status":"closed","template":"","meta":{"footnotes":""},"class_list":["post-1159","page","type-page","status-publish","hentry"],"_links":{"self":[{"href":"https:\/\/www.avl3c.org\/vexinzone109\/wp-json\/wp\/v2\/pages\/1159","targetHints":{"allow":["GET"]}}],"collection":[{"href":"https:\/\/www.avl3c.org\/vexinzone109\/wp-json\/wp\/v2\/pages"}],"about":[{"href":"https:\/\/www.avl3c.org\/vexinzone109\/wp-json\/wp\/v2\/types\/page"}],"author":[{"embeddable":true,"href":"https:\/\/www.avl3c.org\/vexinzone109\/wp-json\/wp\/v2\/users\/1"}],"replies":[{"embeddable":true,"href":"https:\/\/www.avl3c.org\/vexinzone109\/wp-json\/wp\/v2\/comments?post=1159"}],"version-history":[{"count":48,"href":"https:\/\/www.avl3c.org\/vexinzone109\/wp-json\/wp\/v2\/pages\/1159\/revisions"}],"predecessor-version":[{"id":2289,"href":"https:\/\/www.avl3c.org\/vexinzone109\/wp-json\/wp\/v2\/pages\/1159\/revisions\/2289"}],"wp:attachment":[{"href":"https:\/\/www.avl3c.org\/vexinzone109\/wp-json\/wp\/v2\/media?parent=1159"}],"curies":[{"name":"wp","href":"https:\/\/api.w.org\/{rel}","templated":true}]}}