{"id":1268,"date":"2019-09-25T16:06:43","date_gmt":"2019-09-25T14:06:43","guid":{"rendered":"https:\/\/www.avl3c.org\/vexinzone109\/?page_id=1268"},"modified":"2024-11-12T16:35:01","modified_gmt":"2024-11-12T15:35:01","slug":"contacts-reseaux","status":"publish","type":"page","link":"https:\/\/www.avl3c.org\/vexinzone109\/contacts-reseaux\/","title":{"rendered":"Contacts &#038; r\u00e9seaux"},"content":{"rendered":"\n<h4 class=\"wp-block-heading\">Pour nous contacter par email :<\/h4>\n\n\n\n<p><a href=\"mailto:vexinzone109@gmail.com\">vexinzone109@gmail.com<\/a><\/p>\n\n\n\n<h4 class=\"wp-block-heading\">Pour nous signaler un fait :<\/h4>\n\n\n\n<p><a href=\"mailto:sentinelle109@gmail.com\">sentinelle109@gmail.com<\/a><\/p>\n\n\n\n<figure class=\"wp-block-image\"><img loading=\"lazy\" decoding=\"async\" width=\"1024\" height=\"564\" src=\"https:\/\/www.avl3c.org\/vexinzone109\/wp-content\/uploads\/2019\/09\/sentinelle109-1024x564.jpg\" alt=\"\" class=\"wp-image-1271\" srcset=\"https:\/\/www.avl3c.org\/vexinzone109\/wp-content\/uploads\/2019\/09\/sentinelle109-1024x564.jpg 1024w, https:\/\/www.avl3c.org\/vexinzone109\/wp-content\/uploads\/2019\/09\/sentinelle109-300x165.jpg 300w, https:\/\/www.avl3c.org\/vexinzone109\/wp-content\/uploads\/2019\/09\/sentinelle109-768x423.jpg 768w, https:\/\/www.avl3c.org\/vexinzone109\/wp-content\/uploads\/2019\/09\/sentinelle109-900x496.jpg 900w, https:\/\/www.avl3c.org\/vexinzone109\/wp-content\/uploads\/2019\/09\/sentinelle109-1280x706.jpg 1280w, https:\/\/www.avl3c.org\/vexinzone109\/wp-content\/uploads\/2019\/09\/sentinelle109.jpg 1600w\" sizes=\"auto, (max-width: 1024px) 100vw, 1024px\" \/><\/figure>\n\n\n\n<h4 class=\"wp-block-heading\">Pour nous suivre sur les r\u00e9seaux sociaux :<\/h4>\n\n\n\n<figure class=\"wp-block-table\"><table><tbody><tr><td><a href=\"https:\/\/www.facebook.com\/vexinzone109\/\" target=\"_blank\" rel=\"noreferrer noopener\"><img loading=\"lazy\" decoding=\"async\" width=\"100\" height=\"111\" class=\"wp-image-1284\" style=\"width: 100px;\" src=\"https:\/\/www.avl3c.org\/vexinzone109\/wp-content\/uploads\/2019\/09\/Facebook.jpg\" alt=\"\"><\/a><\/td><td><a href=\"https:\/\/twitter.com\/VexinZone109\/\" target=\"_blank\" rel=\"noreferrer noopener\"><img loading=\"lazy\" decoding=\"async\" width=\"100\" height=\"111\" class=\"wp-image-1288\" style=\"width: 100px;\" src=\"https:\/\/www.avl3c.org\/vexinzone109\/wp-content\/uploads\/2019\/09\/Twitter.jpg\" alt=\"\"><\/a><\/td><td><a href=\"https:\/\/www.instagram.com\/vexinzone109\/\" target=\"_blank\" rel=\"noreferrer noopener\"><img loading=\"lazy\" decoding=\"async\" width=\"100\" height=\"111\" class=\"wp-image-1285\" style=\"width: 100px;\" src=\"https:\/\/www.avl3c.org\/vexinzone109\/wp-content\/uploads\/2019\/09\/Instagram.jpg\" alt=\"\"><\/a><\/td><td><a href=\"https:\/\/www.youtube.com\/channel\/UC6rQi1Au4ahp6Y7GGVOnvWw\" target=\"_blank\" rel=\"noreferrer noopener\"><img loading=\"lazy\" decoding=\"async\" width=\"100\" height=\"111\" class=\"wp-image-1289\" style=\"width: 100px;\" src=\"https:\/\/www.avl3c.org\/vexinzone109\/wp-content\/uploads\/2019\/09\/Youtube.jpg\" alt=\"\"><\/a><\/td><td><a href=\"https:\/\/www.pinterest.fr\/vexinzone109\/\" target=\"_blank\" rel=\"noreferrer noopener\"><img loading=\"lazy\" decoding=\"async\" width=\"100\" height=\"111\" class=\"wp-image-1287\" style=\"width: 100px;\" src=\"https:\/\/www.avl3c.org\/vexinzone109\/wp-content\/uploads\/2019\/09\/Pinterest.jpg\" alt=\"\"><\/a><\/td><td><a href=\"https:\/\/www.linkedin.com\/company\/vexinzone109\/\" target=\"_blank\" rel=\"noreferrer noopener\"><img loading=\"lazy\" decoding=\"async\" width=\"100\" height=\"111\" class=\"wp-image-1286\" style=\"width: 100px;\" src=\"https:\/\/www.avl3c.org\/vexinzone109\/wp-content\/uploads\/2019\/09\/Linkedin.jpg\" alt=\"\"><\/a><\/td><\/tr><\/tbody><\/table><\/figure>\n\n\n\n<h4 class=\"wp-block-heading\">Pour adh\u00e9rer \u00e0 l&rsquo;association :<\/h4>\n\n\n\n<p>T\u00e9l\u00e9chargez le formulaire d&rsquo;adh\u00e9sion \u00e0 cette <a href=\"https:\/\/www.avl3c.org\/vexinzone109\/wp-content\/uploads\/2022\/04\/AVL3C_BulletinAdhesionRenouvellement_v20220405.pdf\" target=\"_blank\" rel=\"noreferrer noopener\">adresse<\/a>, et retournez-le nous&#8230;<\/p>\n\n\n\n<hr class=\"wp-block-separator\"\/>\n\n\n\n<pre class=\"wp-block-verse has-text-align-center\"><em>Association Loi 1901<br>Association Vexinoise de Lutte Contre les Carri\u00e8res Cimenti\u00e8res \u2013 AVL3C<br><br>Immatricul\u00e9e au R\u00e9pertoire National des Association-RNA<br>Num\u00e9ro W781002040<\/em><br><em><br>Immatricul\u00e9e au r\u00e9pertoire SIREN<br>Num\u00e9ro 413 056&nbsp;698<br><br>Si\u00e8ge social : Mairie de Fontenay Saint-P\u00e8re 78440<br>Adresse postale&nbsp;: Mairie de Sailly \u2013 21 Rue Saint Laurent \u2013 Sailly 78440<\/em><\/pre>\n\n\n\n<iframe loading=\"lazy\" src=\"https:\/\/www.facebook.com\/plugins\/page.php?href=https%3A%2F%2Fwww.facebook.com%2Fvexinzone109%2F&amp;tabs=timeline&amp;width=750&amp;height=1500&amp;small_header=false&amp;adapt_container_width=true&amp;hide_cover=false&amp;show_facepile=false&amp;appId\" width=\"750\" height=\"1500\" style=\"border:none;overflow:hidden\" scrolling=\"no\" frameborder=\"0\" allowfullscreen=\"true\" allow=\"autoplay; clipboard-write; encrypted-media; picture-in-picture; web-share\"><\/iframe>\n","protected":false},"excerpt":{"rendered":"<p>Pour nous contacter par email : vexinzone109@gmail.com Pour nous signaler un fait : sentinelle109@gmail.com Pour nous suivre sur les r\u00e9seaux sociaux : Pour adh\u00e9rer \u00e0 l&rsquo;association : T\u00e9l\u00e9chargez le formulaire d&rsquo;adh\u00e9sion \u00e0 cette adresse, et retournez-le nous&#8230; Association Loi 1901Association Vexinoise de Lutte Contre les Carri\u00e8res Cimenti\u00e8res \u2013 AVL3CImmatricul\u00e9e au R\u00e9pertoire National des Association-RNANum\u00e9ro W781002040Immatricul\u00e9e [&hellip;]<\/p>\n","protected":false},"author":2,"featured_media":0,"parent":0,"menu_order":0,"comment_status":"closed","ping_status":"closed","template":"","meta":{"footnotes":""},"class_list":["post-1268","page","type-page","status-publish","hentry"],"_links":{"self":[{"href":"https:\/\/www.avl3c.org\/vexinzone109\/wp-json\/wp\/v2\/pages\/1268","targetHints":{"allow":["GET"]}}],"collection":[{"href":"https:\/\/www.avl3c.org\/vexinzone109\/wp-json\/wp\/v2\/pages"}],"about":[{"href":"https:\/\/www.avl3c.org\/vexinzone109\/wp-json\/wp\/v2\/types\/page"}],"author":[{"embeddable":true,"href":"https:\/\/www.avl3c.org\/vexinzone109\/wp-json\/wp\/v2\/users\/2"}],"replies":[{"embeddable":true,"href":"https:\/\/www.avl3c.org\/vexinzone109\/wp-json\/wp\/v2\/comments?post=1268"}],"version-history":[{"count":20,"href":"https:\/\/www.avl3c.org\/vexinzone109\/wp-json\/wp\/v2\/pages\/1268\/revisions"}],"predecessor-version":[{"id":2220,"href":"https:\/\/www.avl3c.org\/vexinzone109\/wp-json\/wp\/v2\/pages\/1268\/revisions\/2220"}],"wp:attachment":[{"href":"https:\/\/www.avl3c.org\/vexinzone109\/wp-json\/wp\/v2\/media?parent=1268"}],"curies":[{"name":"wp","href":"https:\/\/api.w.org\/{rel}","templated":true}]}}